{"id":772,"date":"2020-07-31T16:12:04","date_gmt":"2020-07-31T16:12:04","guid":{"rendered":"https:\/\/koolnature.pt\/?page_id=772"},"modified":"2022-11-08T17:02:53","modified_gmt":"2022-11-08T17:02:53","slug":"portugal-2020","status":"publish","type":"page","link":"https:\/\/koolnature.pt\/en\/portugal-2020\/","title":{"rendered":"Portugal 2020"},"content":{"rendered":"<p>[et_pb_section fb_built=&#8221;1&#8243; _builder_version=&#8221;4.4.7&#8243;][et_pb_row _builder_version=&#8221;4.4.7&#8243;][et_pb_column type=&#8221;4_4&#8243; _builder_version=&#8221;4.4.7&#8243;][et_pb_image src=&#8221;https:\/\/koolnature.pt\/wp-content\/uploads\/2020\/07\/POCentro_PT2020_FEDER_Bom.png&#8221; title_text=&#8221;POCentro_PT2020_FEDER_Bom&#8221; _builder_version=&#8221;4.4.7&#8243; max_width=&#8221;500px&#8221; module_alignment=&#8221;center&#8221;][\/et_pb_image][et_pb_text _builder_version=&#8221;4.4.7&#8243; text_text_color=&#8221;#000000&#8243;]Designa\u00e7\u00e3o do projeto | PROJETOS DE I&amp;DT EMPRESAS EM COPROMO\u00c7\u00c3O<br \/>\nC\u00f3digo do projeto | CENTRO-01-0247-FEDER-113453<br \/>\nNome projeto | KOOLBIOCHAR .: Novas formula\u00e7\u00f5es de TPS para aplica\u00e7\u00f5es agr\u00edcolas.<br \/>\nObjetivo principal| OT1 &#8211; Refor\u00e7ar a investiga\u00e7\u00e3o, o desenvolvimento tecnol\u00f3gico e a inova\u00e7\u00e3o<br \/>\nRegi\u00e3o de interven\u00e7\u00e3o | Centro<br \/>\nPromotor L\u00edder | ALEATORY CONCEPT, LDA.<br \/>\nCopromotores | Instituto Polit\u00e9cnico de Coimbra.<\/p>\n<p>Data de aprova\u00e7\u00e3o | 08-03-2021<\/p>\n<p>Data de in\u00edcio | 01-04-2021<br \/>\nData de conclus\u00e3o | 30-06-2023<\/p>\n<p>Custo total eleg\u00edvel | 596.064,24 EUR<\/p>\n<p>Apoio financeiro da Uni\u00e3o Europeia |FEDER \u2013 441.020,93 EUR<\/p>\n<p><b>Objetivos<\/b><\/p>\n<p>O projeto KOOLBIOCHAR consiste na produ\u00e7\u00e3o de um aditivo que permita a melhoria da performance dos solos agr\u00edcolas, de uma forma sustent\u00e1vel, atrav\u00e9s de produtos customizados de terra preta de s\u00edntese (TPS) \u00e0 base de uma mistura de biocarv\u00e3o de ac\u00e1cia e de res\u00edduos org\u00e2nicos compostados.<\/p>\n<p><b>Atividades<\/b><\/p>\n<p>1- Especifica\u00e7\u00f5es t\u00e9cnicas.<br \/>\n2- Desenvolvimento das novas formula\u00e7\u00f5es de TPS.<br \/>\n3- Produ\u00e7\u00e3o pr\u00e9-industrial das TPS desenvolvidas.<br \/>\n4- Testes e ensaios.<br \/>\n5- Promo\u00e7\u00e3o e divulga\u00e7\u00e3o ampla de resultados.<br \/>\n6- Gest\u00e3o t\u00e9cnica do projeto.<\/p>\n<p><b>Resultados esperados\/atingidos<\/b><\/p>\n<p>Com o projeto KOOLBIOCHAR, pretende-se alargar o portfolio\u00a0 com um novo produto compreendido na sua estrat\u00e9gia de alargamento de portfolio de produtos, designadamente, novos biocarv\u00e3o, \u00e0 base de novas formula\u00e7\u00f5es para aplica\u00e7\u00f5es agr\u00edcolas.<br \/>\n[\/et_pb_text][et_pb_image src=&#8221;https:\/\/koolnature.pt\/wp-content\/uploads\/2022\/01\/Modelo-1_A3-bx-PO-Centro-FEDER_koolbiochar_v2.jpg&#8221; title_text=&#8221;Modelo-1_A3-bx-PO-Centro-FEDER_koolbiochar_v2&#8243; _builder_version=&#8221;4.4.7&#8243; max_width=&#8221;500px&#8221; module_alignment=&#8221;center&#8221;][\/et_pb_image][et_pb_divider admin_label=&#8221;Divider&#8221; _builder_version=&#8221;4.4.7&#8243;][\/et_pb_divider][et_pb_image src=&#8221;https:\/\/koolnature.pt\/wp-content\/uploads\/2020\/07\/POCentro_PT2020_FEDER_Bom.png&#8221; title_text=&#8221;POCentro_PT2020_FEDER_Bom&#8221; _builder_version=&#8221;4.4.7&#8243; max_width=&#8221;500px&#8221; module_alignment=&#8221;center&#8221;][\/et_pb_image][et_pb_text _builder_version=&#8221;4.4.7&#8243; text_text_color=&#8221;#000000&#8243;]Designa\u00e7\u00e3o do projeto: Qualificar Aleatory Concept<br \/>\nC\u00f3digo do projeto: CENTRO-02-0853-FEDER-041032<br \/>\nRegi\u00e3o de interven\u00e7\u00e3o: Centro<\/p>\n<p>Objetivo principal: Refor\u00e7ar a competitividade das PME<\/p>\n<p>Entidade Benefici\u00e1ria: ALEATORY CONCEPT, LDA<\/p>\n<p>Data de aprova\u00e7\u00e3o: 2019-03-19<br \/>\nData de in\u00edcio: 2019-05-01<br \/>\nData de conclus\u00e3o: 2021-04-30<br \/>\nCusto total eleg\u00edvel: 208.277,50 Euros<\/p>\n<p>Apoio Financeiro da Uni\u00e3o Europeia: FEDER 93.724,88 Euros<\/p>\n<p><strong>Objetivos, atividades e resultados esperados<\/strong><br \/>\nObjetivos:<br \/>\nO projeto concretiza a estrat\u00e9gia da ALEATORY CONCEPT de se capacitar para conseguir concorrer de forma competitiva nos mercados globais atrav\u00e9s de uma aposta em dom\u00ednios imateriais como a inova\u00e7\u00e3o organizacional e gest\u00e3o, economia digital e TIC, cria\u00e7\u00e3o de marcas e design e qualidade.<\/p>\n<p>Atividades:<\/p>\n<ul>\n<li>Processos de organiza\u00e7\u00e3o e gest\u00e3o inovadores<\/li>\n<li>Processo produtivo flex\u00edvel e din\u00e2mico<\/li>\n<li>Novas ferramentas de intera\u00e7\u00e3o com o mercado<\/li>\n<li>Cria\u00e7\u00e3o de marca e embalagens<\/li>\n<li>Certifica\u00e7\u00f5es<\/li>\n<\/ul>\n<p>Resultados esperados:<\/p>\n<ul>\n<li>Crescimento da atividade internacional para 40% do volume de neg\u00f3cios<\/li>\n<li>Abrang\u00eancia Internacional de 8 mercados de destino<\/li>\n<li>Qualifica\u00e7\u00e3o dos recursos humanos, representando o emprego altamente qualificado uma taxa de 24%<\/li>\n<\/ul>\n<p>[\/et_pb_text][et_pb_divider _builder_version=&#8221;4.4.7&#8243;][\/et_pb_divider][et_pb_image src=&#8221;https:\/\/koolnature.pt\/wp-content\/uploads\/2020\/07\/compete.jpg&#8221; title_text=&#8221;compete&#8221; _builder_version=&#8221;4.4.7&#8243; max_width=&#8221;500px&#8221; module_alignment=&#8221;center&#8221;][\/et_pb_image][et_pb_text _builder_version=&#8221;4.4.7&#8243; text_text_color=&#8221;#000000&#8243;]Designa\u00e7\u00e3o do projeto: Projeto Industrial de Biocarv\u00e3o<br \/>\nC\u00f3digo do projeto: POCI-02-0853-FEDER-039097<br \/>\nRegi\u00e3o de interven\u00e7\u00e3o: Centro<br \/>\nObjetivo principal: Refor\u00e7ar a competitividade das pequenas e m\u00e9dias empresas<br \/>\nEntidade Benefici\u00e1ria: ALEATORY CONCEPT, LDA<\/p>\n<p>Data de aprova\u00e7\u00e3o: 2018-06-21<br \/>\nData de in\u00edcio: 2018-08-01<br \/>\nData de conclus\u00e3o: 2020-07-31<br \/>\nCusto total eleg\u00edvel: 4.828.620,00 Euros<br \/>\nApoio Financeiro da Uni\u00e3o Europeia: FEDER 3.380.034,00 Euros<\/p>\n<p><strong>Objetivos, atividades e resultados esperados<\/strong><br \/>\nObjetivos:<\/p>\n<ul>\n<li>Disponibilizar um produto diferenciador face ao carv\u00e3o tradicional, como resultado da utiliza\u00e7\u00e3o de tecnologia inovadora, da know-how t\u00e9cnico existente, das sinergias criadas para este projeto, n\u00e3o s\u00f3 com entidades do sistema cientifico mas tamb\u00e9m fruto dos acordos estabelecidos com tr\u00eas c\u00e2maras para corte e recolha de esp\u00e9cies infestantes das florestas dos seus concelhos;<\/li>\n<li>Ser a primeira empresa mundial a fabricar biocarv\u00e3o para shisha, a partir da acacia;<\/li>\n<li>Aposta no desperd\u00edcio zero, com aproveitamento total de sobrantes (serrim) bem como do calor produzido, para a secagem de MP e produ\u00e7\u00e3o de pellets.<\/li>\n<\/ul>\n<p>Atividades:<\/p>\n<ul>\n<li>Produtos inovadores<\/li>\n<li>Processos inovadores<\/li>\n<li>Modelo de neg\u00f3cio<\/li>\n<li>Opera\u00e7\u00e3o comercial e de marketing<\/li>\n<\/ul>\n<p>[\/et_pb_text][\/et_pb_column][\/et_pb_row][\/et_pb_section]<\/p>\n","protected":false},"excerpt":{"rendered":"<p>[et_pb_section fb_built=&#8221;1&#8243; _builder_version=&#8221;4.4.7&#8243;][et_pb_row _builder_version=&#8221;4.4.7&#8243;][et_pb_column type=&#8221;4_4&#8243; _builder_version=&#8221;4.4.7&#8243;][et_pb_image src=&#8221;https:\/\/koolnature.pt\/wp-content\/uploads\/2020\/07\/POCentro_PT2020_FEDER_Bom.png&#8221; title_text=&#8221;POCentro_PT2020_FEDER_Bom&#8221; _builder_version=&#8221;4.4.7&#8243; max_width=&#8221;500px&#8221; module_alignment=&#8221;center&#8221;][\/et_pb_image][et_pb_text _builder_version=&#8221;4.4.7&#8243; text_text_color=&#8221;#000000&#8243;]Designa\u00e7\u00e3o do projeto | PROJETOS DE I&amp;DT EMPRESAS EM COPROMO\u00c7\u00c3O C\u00f3digo do projeto | CENTRO-01-0247-FEDER-113453 Nome projeto | KOOLBIOCHAR .: Novas formula\u00e7\u00f5es de TPS para aplica\u00e7\u00f5es agr\u00edcolas. Objetivo principal| OT1 &#8211; Refor\u00e7ar a investiga\u00e7\u00e3o, o desenvolvimento tecnol\u00f3gico e a inova\u00e7\u00e3o Regi\u00e3o de interven\u00e7\u00e3o [&hellip;]<\/p>\n","protected":false},"author":2,"featured_media":0,"parent":0,"menu_order":0,"comment_status":"closed","ping_status":"closed","template":"","meta":{"_et_pb_use_builder":"on","_et_pb_old_content":"<p>[et_pb_section fb_built=\"1\" _builder_version=\"4.4.7\"][et_pb_row _builder_version=\"4.4.7\"][et_pb_column type=\"4_4\" _builder_version=\"4.4.7\"][et_pb_image src=\"https:\/\/koolnature.pt\/wp-content\/uploads\/2020\/07\/POCentro_PT2020_FEDER_Bom.png\" title_text=\"POCentro_PT2020_FEDER_Bom\" _builder_version=\"4.4.7\" max_width=\"500px\" module_alignment=\"center\" hover_enabled=\"0\"][\/et_pb_image][et_pb_text _builder_version=\"4.4.7\" text_text_color=\"#000000\"]<\/p><p>Designa\u00e7\u00e3o do projeto | PROJETOS DE I&DT EMPRESAS EM COPROMO\u00c7\u00c3O<br \/>C\u00f3digo do projeto | CENTRO-01-0247-FEDER-113453<br \/>Nome projeto | KOOLBIOCHAR .: Novas formula\u00e7\u00f5es de TPS para aplica\u00e7\u00f5es agr\u00edcolas.<br \/>Objetivo principal| OT1 - Refor\u00e7ar a investiga\u00e7\u00e3o, o desenvolvimento tecnol\u00f3gico e a inova\u00e7\u00e3o<br \/>Regi\u00e3o de interven\u00e7\u00e3o | Centro<br \/>Promotor L\u00edder | ALEATORY CONCEPT, LDA.<br \/>Copromotores | Instituto Polit\u00e9cnico de Coimbra.<\/p><p>Data de aprova\u00e7\u00e3o | 08-03-2021<\/p><p>Data de in\u00edcio | 01-04-2021 <br \/>Data de conclus\u00e3o | 30-06-2023<\/p><p>Custo total eleg\u00edvel | 596.064,24 EUR<\/p><p>Apoio financeiro da Uni\u00e3o Europeia |FEDER \u2013 441.020,93 EUR<\/p><p><b>Objetivos<\/b><\/p><p>O projeto KOOLBIOCHAR consiste na produ\u00e7\u00e3o de um aditivo que permita a melhoria da performance dos solos agr\u00edcolas, de uma forma sustent\u00e1vel, atrav\u00e9s de produtos customizados de terra preta de s\u00edntese (TPS) \u00e0 base de uma mistura de biocarv\u00e3o de ac\u00e1cia e de res\u00edduos org\u00e2nicos compostados.<\/p><p><b>Atividades<\/b><\/p><p>1- Especifica\u00e7\u00f5es t\u00e9cnicas.<br \/>2- Desenvolvimento das novas formula\u00e7\u00f5es de TPS.<br \/>3- Produ\u00e7\u00e3o pr\u00e9-industrial das TPS desenvolvidas.<br \/>4- Testes e ensaios.<br \/>5- Promo\u00e7\u00e3o e divulga\u00e7\u00e3o ampla de resultados.<br \/>6- Gest\u00e3o t\u00e9cnica do projeto.<\/p><p><b>Resultados esperados\/atingidos<\/b><\/p><p>Com o projeto KOOLBIOCHAR, pretende-se alargar o portfolio\u00a0 com um novo produto compreendido na sua estrat\u00e9gia de alargamento de portfolio de produtos, designadamente, novos biocarv\u00e3o, \u00e0 base de novas formula\u00e7\u00f5es para aplica\u00e7\u00f5es agr\u00edcolas.<\/p><p>[\/et_pb_text][et_pb_image src=\"https:\/\/koolnature.pt\/wp-content\/uploads\/2022\/01\/Modelo-1_A3-bx-PO-Centro-FEDER_koolbiochar_v2.jpg\" title_text=\"Modelo-1_A3-bx-PO-Centro-FEDER_koolbiochar_v2\" _builder_version=\"4.4.7\" max_width=\"500px\" module_alignment=\"center\" hover_enabled=\"0\"][\/et_pb_image][et_pb_divider admin_label=\"Divider\" _builder_version=\"4.4.7\"][\/et_pb_divider][et_pb_image src=\"https:\/\/koolnature.pt\/wp-content\/uploads\/2020\/07\/POCentro_PT2020_FEDER_Bom.png\" title_text=\"POCentro_PT2020_FEDER_Bom\" _builder_version=\"4.4.7\" max_width=\"500px\" module_alignment=\"center\"][\/et_pb_image][et_pb_text _builder_version=\"4.4.7\" text_text_color=\"#000000\"]<\/p><p>Designa\u00e7\u00e3o do projeto: Qualificar Aleatory Concept<br \/>C\u00f3digo do projeto: CENTRO-02-0853-FEDER-041032<br \/>Regi\u00e3o de interven\u00e7\u00e3o: Centro<\/p><p>Objetivo principal: Refor\u00e7ar a competitividade das PME<\/p><p>Entidade Benefici\u00e1ria: ALEATORY CONCEPT, LDA<\/p><p>Data de aprova\u00e7\u00e3o: 2019-03-19<br \/>Data de in\u00edcio: 2019-05-01<br \/>Data de conclus\u00e3o: 2021-04-30<br \/>Custo total eleg\u00edvel: 208.277,50 Euros<\/p><p>Apoio Financeiro da Uni\u00e3o Europeia: FEDER 93.724,88 Euros<\/p><p><strong>Objetivos, atividades e resultados esperados<\/strong><br \/>Objetivos:<br \/>O projeto concretiza a estrat\u00e9gia da ALEATORY CONCEPT de se capacitar para conseguir concorrer de forma competitiva nos mercados globais atrav\u00e9s de uma aposta em dom\u00ednios imateriais como a inova\u00e7\u00e3o organizacional e gest\u00e3o, economia digital e TIC, cria\u00e7\u00e3o de marcas e design e qualidade.<\/p><p>Atividades:<\/p><ul><li>Processos de organiza\u00e7\u00e3o e gest\u00e3o inovadores<\/li><li>Processo produtivo flex\u00edvel e din\u00e2mico<\/li><li>Novas ferramentas de intera\u00e7\u00e3o com o mercado<\/li><li>Cria\u00e7\u00e3o de marca e embalagens<\/li><li>Certifica\u00e7\u00f5es<\/li><\/ul><p>Resultados esperados:<\/p><ul><li>Crescimento da atividade internacional para 40% do volume de neg\u00f3cios<\/li><li>Abrang\u00eancia Internacional de 8 mercados de destino<\/li><li>Qualifica\u00e7\u00e3o dos recursos humanos, representando o emprego altamente qualificado uma taxa de 24%<\/li><\/ul><p>[\/et_pb_text][et_pb_divider _builder_version=\"4.4.7\"][\/et_pb_divider][et_pb_image src=\"https:\/\/koolnature.pt\/wp-content\/uploads\/2020\/07\/compete.jpg\" title_text=\"compete\" _builder_version=\"4.4.7\" max_width=\"500px\" module_alignment=\"center\"][\/et_pb_image][et_pb_text _builder_version=\"4.4.7\" text_text_color=\"#000000\"]<\/p><p>Designa\u00e7\u00e3o do projeto: Projeto Industrial de Biocarv\u00e3o<br \/>C\u00f3digo do projeto: POCI-02-0853-FEDER-039097<br \/>Regi\u00e3o de interven\u00e7\u00e3o: Centro<br \/>Objetivo principal: Refor\u00e7ar a competitividade das pequenas e m\u00e9dias empresas<br \/>Entidade Benefici\u00e1ria: ALEATORY CONCEPT, LDA<\/p><p>Data de aprova\u00e7\u00e3o: 2018-06-21<br \/>Data de in\u00edcio: 2018-08-01<br \/>Data de conclus\u00e3o: 2020-07-31<br \/>Custo total eleg\u00edvel: 4.828.620,00 Euros<br \/>Apoio Financeiro da Uni\u00e3o Europeia: FEDER 3.380.034,00 Euros<\/p><p><strong>Objetivos, atividades e resultados esperados<\/strong><br \/>Objetivos:<\/p><ul><li>Disponibilizar um produto diferenciador face ao carv\u00e3o tradicional, como resultado da utiliza\u00e7\u00e3o de tecnologia inovadora, da know-how t\u00e9cnico existente, das sinergias criadas para este projeto, n\u00e3o s\u00f3 com entidades do sistema cientifico mas tamb\u00e9m fruto dos acordos estabelecidos com tr\u00eas c\u00e2maras para corte e recolha de esp\u00e9cies infestantes das florestas dos seus concelhos;<\/li><li>Ser a primeira empresa mundial a fabricar biocarv\u00e3o para shisha, a partir da acacia;<\/li><li>Aposta no desperd\u00edcio zero, com aproveitamento total de sobrantes (serrim) bem como do calor produzido, para a secagem de MP e produ\u00e7\u00e3o de pellets.<\/li><\/ul><p>Atividades:<\/p><ul><li>Produtos inovadores<\/li><li>Processos inovadores<\/li><li>Modelo de neg\u00f3cio<\/li><li>Opera\u00e7\u00e3o comercial e de marketing<\/li><\/ul><p>[\/et_pb_text][\/et_pb_column][\/et_pb_row][\/et_pb_section]<\/p>","_et_gb_content_width":""},"_links":{"self":[{"href":"https:\/\/koolnature.pt\/en\/wp-json\/wp\/v2\/pages\/772"}],"collection":[{"href":"https:\/\/koolnature.pt\/en\/wp-json\/wp\/v2\/pages"}],"about":[{"href":"https:\/\/koolnature.pt\/en\/wp-json\/wp\/v2\/types\/page"}],"author":[{"embeddable":true,"href":"https:\/\/koolnature.pt\/en\/wp-json\/wp\/v2\/users\/2"}],"replies":[{"embeddable":true,"href":"https:\/\/koolnature.pt\/en\/wp-json\/wp\/v2\/comments?post=772"}],"version-history":[{"count":3,"href":"https:\/\/koolnature.pt\/en\/wp-json\/wp\/v2\/pages\/772\/revisions"}],"predecessor-version":[{"id":793,"href":"https:\/\/koolnature.pt\/en\/wp-json\/wp\/v2\/pages\/772\/revisions\/793"}],"wp:attachment":[{"href":"https:\/\/koolnature.pt\/en\/wp-json\/wp\/v2\/media?parent=772"}],"curies":[{"name":"wp","href":"https:\/\/api.w.org\/{rel}","templated":true}]}}