{"id":749,"date":"2020-05-26T15:23:42","date_gmt":"2020-05-26T15:23:42","guid":{"rendered":"https:\/\/koolnature.pt\/?page_id=749"},"modified":"2022-11-09T10:58:01","modified_gmt":"2022-11-09T10:58:01","slug":"como-utilizar","status":"publish","type":"page","link":"https:\/\/koolnature.pt\/en\/como-utilizar\/","title":{"rendered":"How to use it"},"content":{"rendered":"<p>[et_pb_section fb_built=&#8221;1&#8243; _builder_version=&#8221;4.4.7&#8243; background_enable_image=&#8221;off&#8221; custom_padding=&#8221;0px||0px||false|false&#8221;][et_pb_row column_structure=&#8221;1_2,1_2&#8243; use_custom_gutter=&#8221;on&#8221; gutter_width=&#8221;1&#8243; _builder_version=&#8221;4.4.7&#8243; vertical_offset_tablet=&#8221;0&#8243; horizontal_offset_tablet=&#8221;0&#8243; width=&#8221;100%&#8221; max_width=&#8221;2560px&#8221; custom_padding=&#8221;0px||0px||false|false&#8221; z_index_tablet=&#8221;0&#8243; box_shadow_horizontal_tablet=&#8221;0px&#8221; box_shadow_vertical_tablet=&#8221;0px&#8221; box_shadow_blur_tablet=&#8221;40px&#8221; box_shadow_spread_tablet=&#8221;0px&#8221;][et_pb_column type=&#8221;1_2&#8243; _builder_version=&#8221;4.4.7&#8243;][et_pb_text _builder_version=&#8221;4.4.7&#8243; text_text_color=&#8221;#000000&#8243; header_font=&#8221;Nunito|800||on|||||&#8221; custom_padding=&#8221;50px|100px|50px|100px|false|false&#8221;]<\/p>\n<h1>HOW TO USE IT<\/h1>\n<p>Biochar is different from conventional charcoal and should be used differently. It lights faster; your coals will be ready sooner and you can quickly get down to grilling your food.<\/p>\n<p>As biochar is very pure, it emits more heat and you won&#8217;t need as much biochar as you would conventional charcoal.<\/p>\n<p>Its purity can also be seen in that it produces very little smoke and hardly any sparks or flame. Even when fat drips from food onto biochar coals and is set alight, it goes out almost at once.<\/p>\n<p>Set up your grill in a clean, level place. Place the biochar is a pyramid shape with a fire starter in the middle; light the fire starter. Wait about 10 minutes, then spread the charcoal around the grill tray. As soon as the flame goes out and the coals are red hot, you can safely start grilling your food.[\/et_pb_text][\/et_pb_column][et_pb_column type=&#8221;1_2&#8243; _builder_version=&#8221;4.4.7&#8243; background_image=&#8221;https:\/\/koolnature.pt\/wp-content\/uploads\/2020\/06\/como_utilizar.jpg&#8221; background_size=&#8221;initial&#8221; background_position=&#8221;top_center&#8221; vertical_offset_tablet=&#8221;0&#8243; vertical_offset_phone=&#8221;0&#8243; horizontal_offset_tablet=&#8221;0&#8243; horizontal_offset_phone=&#8221;0&#8243; background_color_gradient_direction_tablet=&#8221;180deg&#8221; background_color_gradient_direction_phone=&#8221;180deg&#8221; background_color_gradient_start_position_tablet=&#8221;0%&#8221; background_color_gradient_start_position_phone=&#8221;0%&#8221; background_color_gradient_end_position_tablet=&#8221;100%&#8221; background_color_gradient_end_position_phone=&#8221;100%&#8221; z_index_tablet=&#8221;2&#8243; z_index_phone=&#8221;2&#8243; filter_hue_rotate_tablet=&#8221;0deg&#8221; filter_hue_rotate_phone=&#8221;0deg&#8221; filter_saturate_tablet=&#8221;100%&#8221; filter_saturate_phone=&#8221;100%&#8221; filter_brightness_tablet=&#8221;100%&#8221; filter_brightness_phone=&#8221;100%&#8221; filter_contrast_tablet=&#8221;100%&#8221; filter_contrast_phone=&#8221;100%&#8221; filter_invert_tablet=&#8221;0%&#8221; filter_invert_phone=&#8221;0%&#8221; filter_sepia_tablet=&#8221;0%&#8221; filter_sepia_phone=&#8221;0%&#8221; filter_opacity_tablet=&#8221;100%&#8221; filter_opacity_phone=&#8221;100%&#8221; filter_blur_tablet=&#8221;0px&#8221; filter_blur_phone=&#8221;0px&#8221; animation_duration_tablet=&#8221;1000ms&#8221; animation_duration_phone=&#8221;1000ms&#8221; animation_delay_tablet=&#8221;0ms&#8221; animation_delay_phone=&#8221;0ms&#8221; animation_intensity_slide_tablet=&#8221;50%&#8221; animation_intensity_slide_phone=&#8221;50%&#8221; animation_intensity_zoom_tablet=&#8221;50%&#8221; animation_intensity_zoom_phone=&#8221;50%&#8221; animation_intensity_flip_tablet=&#8221;50%&#8221; animation_intensity_flip_phone=&#8221;50%&#8221; animation_intensity_fold_tablet=&#8221;50%&#8221; animation_intensity_fold_phone=&#8221;50%&#8221; animation_intensity_roll_tablet=&#8221;50%&#8221; animation_intensity_roll_phone=&#8221;50%&#8221; animation_starting_opacity_tablet=&#8221;0%&#8221; animation_starting_opacity_phone=&#8221;0%&#8221; hover_transition_duration_tablet=&#8221;300ms&#8221; hover_transition_duration_phone=&#8221;300ms&#8221; hover_transition_delay_tablet=&#8221;0ms&#8221; hover_transition_delay_phone=&#8221;0ms&#8221; box_shadow_horizontal_tablet=&#8221;0px&#8221; box_shadow_horizontal_phone=&#8221;0px&#8221; box_shadow_vertical_tablet=&#8221;0px&#8221; box_shadow_vertical_phone=&#8221;0px&#8221; box_shadow_blur_tablet=&#8221;40px&#8221; box_shadow_blur_phone=&#8221;40px&#8221; box_shadow_spread_tablet=&#8221;0px&#8221; box_shadow_spread_phone=&#8221;0px&#8221; disabled=&#8221;%91object HTMLInputElement%93&#8243;][et_pb_divider _builder_version=&#8221;4.4.7&#8243; width_tablet=&#8221;&#8221; width_phone=&#8221;100%&#8221; width_last_edited=&#8221;on|phone&#8221; max_width=&#8221;100%&#8221; height=&#8221;760px&#8221; height_tablet=&#8221;&#8221; height_phone=&#8221;&#8221; height_last_edited=&#8221;on|phone&#8221; max_height=&#8221;760px&#8221; max_height_tablet=&#8221;&#8221; max_height_phone=&#8221;&#8221; max_height_last_edited=&#8221;on|phone&#8221;][\/et_pb_divider][\/et_pb_column][\/et_pb_row][\/et_pb_section]<\/p>\n","protected":false},"excerpt":{"rendered":"<p>[et_pb_section fb_built=&#8221;1&#8243; _builder_version=&#8221;4.4.7&#8243; background_enable_image=&#8221;off&#8221; custom_padding=&#8221;0px||0px||false|false&#8221;][et_pb_row column_structure=&#8221;1_2,1_2&#8243; use_custom_gutter=&#8221;on&#8221; gutter_width=&#8221;1&#8243; _builder_version=&#8221;4.4.7&#8243; vertical_offset_tablet=&#8221;0&#8243; horizontal_offset_tablet=&#8221;0&#8243; width=&#8221;100%&#8221; max_width=&#8221;2560px&#8221; custom_padding=&#8221;0px||0px||false|false&#8221; z_index_tablet=&#8221;0&#8243; box_shadow_horizontal_tablet=&#8221;0px&#8221; box_shadow_vertical_tablet=&#8221;0px&#8221; box_shadow_blur_tablet=&#8221;40px&#8221; box_shadow_spread_tablet=&#8221;0px&#8221;][et_pb_column type=&#8221;1_2&#8243; _builder_version=&#8221;4.4.7&#8243;][et_pb_text _builder_version=&#8221;4.4.7&#8243; text_text_color=&#8221;#000000&#8243; header_font=&#8221;Nunito|800||on|||||&#8221; custom_padding=&#8221;50px|100px|50px|100px|false|false&#8221;] HOW TO USE IT Biochar is different from conventional charcoal and should be used differently. It lights faster; your coals will be ready sooner and you can quickly get down [&hellip;]<\/p>\n","protected":false},"author":2,"featured_media":0,"parent":0,"menu_order":0,"comment_status":"closed","ping_status":"closed","template":"","meta":{"_et_pb_use_builder":"on","_et_pb_old_content":"<p>[et_pb_section fb_built=\"1\" _builder_version=\"4.4.7\" background_enable_image=\"off\" custom_padding=\"0px||0px||false|false\"][et_pb_row column_structure=\"1_2,1_2\" use_custom_gutter=\"on\" gutter_width=\"1\" _builder_version=\"4.4.7\" vertical_offset_tablet=\"0\" horizontal_offset_tablet=\"0\" width=\"100%\" max_width=\"2560px\" custom_padding=\"0px||0px||false|false\" z_index_tablet=\"0\" box_shadow_horizontal_tablet=\"0px\" box_shadow_vertical_tablet=\"0px\" box_shadow_blur_tablet=\"40px\" box_shadow_spread_tablet=\"0px\"][et_pb_column type=\"1_2\" _builder_version=\"4.4.7\"][et_pb_text _builder_version=\"4.4.7\" text_text_color=\"#000000\" header_font=\"Nunito|800||on|||||\" custom_padding=\"50px|100px|50px|100px|false|false\" hover_enabled=\"0\"]<\/p><h1>Modo de Utiliza\u00e7\u00e3o<\/h1><p>O Biocarv\u00e3o tem caracter\u00edsticas diferentes do carv\u00e3o vegetal tradicional, como tal deve ser utilizado de forma diferenciada. Acende mais r\u00e1pido, ter\u00e1 a sua brasa pronta mais cedo e rapidamente poder\u00e1 come\u00e7ar a grelhar os alimentos.<\/p><p>Como tem um alto n\u00edvel de pureza, emite mais calor, n\u00e3o precisa de colocar a mesma quantidade de BioCarv\u00e3o que colocaria de carv\u00e3o vegetal tradicional.<\/p><p>A pureza \u00e9 demonstrada tamb\u00e9m pelo pouco fumo e quase inexist\u00eancia de fa\u00edscas e de chama, mesmo quando a gordura dos alimentos entra em contacto com as pedras de BioCarv\u00e3o, ela extingue-se quase de imediato.<\/p><p>Instale o seu grelhador numa zona limpa e plana. Coloque o BioCarv\u00e3o em forma de pir\u00e2mide, no meio coloque e ateie uma acendalha. Aguarde cerca de 10m e depois espalhe o carv\u00e3o pela \u00e1rea do grelhador. Assim que a chama se extinguir e a brasa estiver bem viva, pode come\u00e7ar a grelhar de forma saud\u00e1vel os seus alimentos.<\/p><p>[\/et_pb_text][\/et_pb_column][et_pb_column type=\"1_2\" _builder_version=\"4.4.7\" background_image=\"https:\/\/koolnature.pt\/wp-content\/uploads\/2020\/06\/como_utilizar.jpg\" background_size=\"initial\" background_position=\"top_center\" vertical_offset_tablet=\"0\" vertical_offset_phone=\"0\" horizontal_offset_tablet=\"0\" horizontal_offset_phone=\"0\" background_color_gradient_direction_tablet=\"180deg\" background_color_gradient_direction_phone=\"180deg\" background_color_gradient_start_position_tablet=\"0%\" background_color_gradient_start_position_phone=\"0%\" background_color_gradient_end_position_tablet=\"100%\" background_color_gradient_end_position_phone=\"100%\" z_index_tablet=\"2\" z_index_phone=\"2\" filter_hue_rotate_tablet=\"0deg\" filter_hue_rotate_phone=\"0deg\" filter_saturate_tablet=\"100%\" filter_saturate_phone=\"100%\" filter_brightness_tablet=\"100%\" filter_brightness_phone=\"100%\" filter_contrast_tablet=\"100%\" filter_contrast_phone=\"100%\" filter_invert_tablet=\"0%\" filter_invert_phone=\"0%\" filter_sepia_tablet=\"0%\" filter_sepia_phone=\"0%\" filter_opacity_tablet=\"100%\" filter_opacity_phone=\"100%\" filter_blur_tablet=\"0px\" filter_blur_phone=\"0px\" animation_duration_tablet=\"1000ms\" animation_duration_phone=\"1000ms\" animation_delay_tablet=\"0ms\" animation_delay_phone=\"0ms\" animation_intensity_slide_tablet=\"50%\" animation_intensity_slide_phone=\"50%\" animation_intensity_zoom_tablet=\"50%\" animation_intensity_zoom_phone=\"50%\" animation_intensity_flip_tablet=\"50%\" animation_intensity_flip_phone=\"50%\" animation_intensity_fold_tablet=\"50%\" animation_intensity_fold_phone=\"50%\" animation_intensity_roll_tablet=\"50%\" animation_intensity_roll_phone=\"50%\" animation_starting_opacity_tablet=\"0%\" animation_starting_opacity_phone=\"0%\" hover_transition_duration_tablet=\"300ms\" hover_transition_duration_phone=\"300ms\" hover_transition_delay_tablet=\"0ms\" hover_transition_delay_phone=\"0ms\" box_shadow_horizontal_tablet=\"0px\" box_shadow_horizontal_phone=\"0px\" box_shadow_vertical_tablet=\"0px\" box_shadow_vertical_phone=\"0px\" box_shadow_blur_tablet=\"40px\" box_shadow_blur_phone=\"40px\" box_shadow_spread_tablet=\"0px\" box_shadow_spread_phone=\"0px\" disabled=\"%91object HTMLInputElement%93\"][et_pb_divider _builder_version=\"4.4.7\" width_tablet=\"\" width_phone=\"100%\" width_last_edited=\"on|phone\" max_width=\"100%\" height=\"760px\" height_tablet=\"\" height_phone=\"\" height_last_edited=\"on|phone\" max_height=\"760px\" max_height_tablet=\"\" max_height_phone=\"\" max_height_last_edited=\"on|phone\"]<br \/>[\/et_pb_divider][\/et_pb_column][\/et_pb_row][\/et_pb_section]<\/p>","_et_gb_content_width":""},"_links":{"self":[{"href":"https:\/\/koolnature.pt\/en\/wp-json\/wp\/v2\/pages\/749"}],"collection":[{"href":"https:\/\/koolnature.pt\/en\/wp-json\/wp\/v2\/pages"}],"about":[{"href":"https:\/\/koolnature.pt\/en\/wp-json\/wp\/v2\/types\/page"}],"author":[{"embeddable":true,"href":"https:\/\/koolnature.pt\/en\/wp-json\/wp\/v2\/users\/2"}],"replies":[{"embeddable":true,"href":"https:\/\/koolnature.pt\/en\/wp-json\/wp\/v2\/comments?post=749"}],"version-history":[{"count":7,"href":"https:\/\/koolnature.pt\/en\/wp-json\/wp\/v2\/pages\/749\/revisions"}],"predecessor-version":[{"id":824,"href":"https:\/\/koolnature.pt\/en\/wp-json\/wp\/v2\/pages\/749\/revisions\/824"}],"wp:attachment":[{"href":"https:\/\/koolnature.pt\/en\/wp-json\/wp\/v2\/media?parent=749"}],"curies":[{"name":"wp","href":"https:\/\/api.w.org\/{rel}","templated":true}]}}